{"id":1026,"date":"2025-10-07T20:30:47","date_gmt":"2025-10-07T18:30:47","guid":{"rendered":"https:\/\/kenaja.pl\/?page_id=1026"},"modified":"2025-10-07T23:11:52","modified_gmt":"2025-10-07T21:11:52","slug":"strona-glowna","status":"publish","type":"page","link":"https:\/\/kenaja.pl\/","title":{"rendered":"Strona g\u0142\u00f3wna"},"content":{"rendered":"\t\t<div data-elementor-type=\"wp-page\" data-elementor-id=\"1026\" class=\"elementor elementor-1026\" data-elementor-post-type=\"page\">\n\t\t\t\t<div class=\"elementor-element elementor-element-2af8066 e-flex e-con-boxed e-con e-parent\" data-id=\"2af8066\" data-element_type=\"container\" data-settings=\"{&quot;background_background&quot;:&quot;slideshow&quot;,&quot;background_slideshow_gallery&quot;:[{&quot;id&quot;:1033,&quot;url&quot;:&quot;https:\\\/\\\/kenaja.pl\\\/wp-content\\\/uploads\\\/2025\\\/10\\\/DSC02293-scaled.jpg&quot;}],&quot;background_slideshow_loop&quot;:&quot;yes&quot;,&quot;background_slideshow_slide_duration&quot;:5000,&quot;background_slideshow_slide_transition&quot;:&quot;fade&quot;,&quot;background_slideshow_transition_duration&quot;:500}\">\n\t\t\t\t\t<div class=\"e-con-inner\">\n\t\t\t\t<div class=\"elementor-element elementor-element-0e51a46 elementor-widget elementor-widget-image\" data-id=\"0e51a46\" data-element_type=\"widget\" data-widget_type=\"image.default\">\n\t\t\t\t\t\t\t\t\t\t\t\t\t\t\t<img fetchpriority=\"high\" decoding=\"async\" width=\"2560\" height=\"2133\" src=\"https:\/\/kenaja.pl\/wp-content\/uploads\/2025\/10\/Kenaja_logo@500x-scaled.png\" class=\"attachment-full size-full wp-image-1037\" alt=\"logo sp\u00f3\u0142ki Kenaja Sp. z o.o.\" srcset=\"https:\/\/kenaja.pl\/wp-content\/uploads\/2025\/10\/Kenaja_logo@500x-scaled.png 2560w, https:\/\/kenaja.pl\/wp-content\/uploads\/2025\/10\/Kenaja_logo@500x-300x250.png 300w, https:\/\/kenaja.pl\/wp-content\/uploads\/2025\/10\/Kenaja_logo@500x-1024x853.png 1024w, https:\/\/kenaja.pl\/wp-content\/uploads\/2025\/10\/Kenaja_logo@500x-768x640.png 768w, https:\/\/kenaja.pl\/wp-content\/uploads\/2025\/10\/Kenaja_logo@500x-1536x1280.png 1536w, https:\/\/kenaja.pl\/wp-content\/uploads\/2025\/10\/Kenaja_logo@500x-2048x1707.png 2048w\" sizes=\"(max-width: 2560px) 100vw, 2560px\" \/>\t\t\t\t\t\t\t\t\t\t\t\t\t\t\t<\/div>\n\t\t\t\t<div class=\"elementor-element elementor-element-fd9df95 elementor-view-default elementor-widget elementor-widget-icon\" data-id=\"fd9df95\" data-element_type=\"widget\" data-settings=\"{&quot;_animation_mobile&quot;:&quot;pulse&quot;}\" data-widget_type=\"icon.default\">\n\t\t\t\t\t\t\t<div class=\"elementor-icon-wrapper\">\n\t\t\t<div class=\"elementor-icon\">\n\t\t\t<svg aria-hidden=\"true\" class=\"e-font-icon-svg e-fas-arrow-down\" viewBox=\"0 0 448 512\" xmlns=\"http:\/\/www.w3.org\/2000\/svg\"><path d=\"M413.1 222.5l22.2 22.2c9.4 9.4 9.4 24.6 0 33.9L241 473c-9.4 9.4-24.6 9.4-33.9 0L12.7 278.6c-9.4-9.4-9.4-24.6 0-33.9l22.2-22.2c9.5-9.5 25-9.3 34.3.4L184 343.4V56c0-13.3 10.7-24 24-24h32c13.3 0 24 10.7 24 24v287.4l114.8-120.5c9.3-9.8 24.8-10 34.3-.4z\"><\/path><\/svg>\t\t\t<\/div>\n\t\t<\/div>\n\t\t\t\t\t\t<\/div>\n\t\t\t\t\t<\/div>\n\t\t\t\t<\/div>\n\t\t<div class=\"elementor-element elementor-element-8dd9c28 e-flex e-con-boxed e-con e-parent\" data-id=\"8dd9c28\" data-element_type=\"container\" data-settings=\"{&quot;background_background&quot;:&quot;classic&quot;}\">\n\t\t\t\t\t<div class=\"e-con-inner\">\n\t\t\t\t<div class=\"elementor-element elementor-element-efbbf25 elementor-widget elementor-widget-text-editor\" data-id=\"efbbf25\" data-element_type=\"widget\" data-widget_type=\"text-editor.default\">\n\t\t\t\t\t\t\t\t\t<p class=\"p1\"><span class=\"s1\"><b>Kenaja Sp. z o.o.<\/b><\/span> to nowoczesna sp\u00f3\u0142ka, kt\u00f3ra \u0142\u0105czy kreatywno\u015b\u0107, technologi\u0119 i smak. W jej strukturze wsp\u00f3\u0142pracuj\u0105 ze sob\u0105 trzy marki: agencja kreatywna <span class=\"s1\"><b>Project Dark Horse<\/b><\/span>, odpowiedzialna za budowanie wizerunku i strategie komunikacji marek, <span class=\"s1\"><b>ReMarking<\/b><\/span>, specjalizuj\u0105ca si\u0119 w produkcji gad\u017cet\u00f3w reklamowych, wydrukach oraz wycinaniu laserowym, a tak\u017ce <span class=\"s1\"><b>Toster Point<\/b><\/span> \u2013 autorski punkt gastronomiczny, w kt\u00f3rym design i smak tworz\u0105 niepowtarzalne do\u015bwiadczenie.<\/p><p class=\"p1\">Kenaja to przestrze\u0144 synergii, w kt\u00f3rej pomys\u0142y zamieniaj\u0105 si\u0119 w realne dzia\u0142ania. Wierzymy, \u017ce rozw\u00f3j firm wymaga po\u0142\u0105czenia marketingu, produkcji i emocji, dlatego tworzymy rozwi\u0105zania, kt\u00f3re wspieraj\u0105 przedsi\u0119biorstwa na ka\u017cdym etapie ich drogi. Nasz\u0105 misj\u0105 jest wdra\u017canie innowacji, budowanie silnych marek i dostarczanie jako\u015bci, kt\u00f3ra inspiruje.<\/p>\t\t\t\t\t\t\t\t<\/div>\n\t\t\t\t\t<\/div>\n\t\t\t\t<\/div>\n\t\t<div class=\"elementor-element elementor-element-9b5ffb0 e-flex e-con-boxed e-con e-parent\" data-id=\"9b5ffb0\" data-element_type=\"container\" data-settings=\"{&quot;background_background&quot;:&quot;classic&quot;}\">\n\t\t\t\t\t<div class=\"e-con-inner\">\n\t\t\t\t<div class=\"elementor-element elementor-element-bebafad elementor-headline--style-highlight elementor-widget elementor-widget-animated-headline\" data-id=\"bebafad\" data-element_type=\"widget\" data-settings=\"{&quot;highlighted_text&quot;:&quot;DO\\u015bwiadczenie.&quot;,&quot;headline_style&quot;:&quot;highlight&quot;,&quot;marker&quot;:&quot;circle&quot;,&quot;loop&quot;:&quot;yes&quot;,&quot;highlight_animation_duration&quot;:1200,&quot;highlight_iteration_delay&quot;:8000}\" data-widget_type=\"animated-headline.default\">\n\t\t\t\t\t\t\t<h3 class=\"elementor-headline\">\n\t\t\t\t\t<span class=\"elementor-headline-plain-text elementor-headline-text-wrapper\">Kreacja. Produkcja.<\/span>\n\t\t\t\t<span class=\"elementor-headline-dynamic-wrapper elementor-headline-text-wrapper\">\n\t\t\t\t\t<span class=\"elementor-headline-dynamic-text elementor-headline-text-active\">DO\u015bwiadczenie.<\/span>\n\t\t\t\t<\/span>\n\t\t\t\t<\/h3>\n\t\t\t\t\t\t<\/div>\n\t\t\t\t\t<\/div>\n\t\t\t\t<\/div>\n\t\t<div class=\"elementor-element elementor-element-40ee071 e-flex e-con-boxed e-con e-parent\" data-id=\"40ee071\" data-element_type=\"container\" data-settings=\"{&quot;background_background&quot;:&quot;classic&quot;}\">\n\t\t\t\t\t<div class=\"e-con-inner\">\n\t\t\t\t<div class=\"elementor-element elementor-element-8c64501 elementor-skin-carousel elementor-pagination-type-bullets elementor-pagination-position-outside elementor-widget elementor-widget-media-carousel\" data-id=\"8c64501\" data-element_type=\"widget\" data-settings=\"{&quot;space_between&quot;:{&quot;unit&quot;:&quot;px&quot;,&quot;size&quot;:100,&quot;sizes&quot;:[]},&quot;skin&quot;:&quot;carousel&quot;,&quot;effect&quot;:&quot;slide&quot;,&quot;pagination&quot;:&quot;bullets&quot;,&quot;speed&quot;:500,&quot;autoplay&quot;:&quot;yes&quot;,&quot;autoplay_speed&quot;:5000,&quot;loop&quot;:&quot;yes&quot;,&quot;pause_on_hover&quot;:&quot;yes&quot;,&quot;pause_on_interaction&quot;:&quot;yes&quot;,&quot;space_between_tablet&quot;:{&quot;unit&quot;:&quot;px&quot;,&quot;size&quot;:10,&quot;sizes&quot;:[]},&quot;space_between_mobile&quot;:{&quot;unit&quot;:&quot;px&quot;,&quot;size&quot;:10,&quot;sizes&quot;:[]}}\" data-widget_type=\"media-carousel.default\">\n\t\t\t\t\t\t\t\t\t\t<div class=\"elementor-main-swiper swiper\" role=\"region\" aria-roledescription=\"carousel\" aria-label=\"Loga\">\n\t\t\t\t<div class=\"swiper-wrapper\">\n\t\t\t\t\t\t\t\t\t\t\t<div class=\"swiper-slide\" role=\"group\" aria-roledescription=\"slide\">\n\t\t\t\t\t\t\t\t\t<div class=\"elementor-carousel-image\" role=\"img\" aria-label=\"Logo firmy ReMarking\" style=\"background-image: url(&#039;https:\/\/kenaja.pl\/wp-content\/uploads\/2025\/10\/ReMarking-logo@500x-scaled.png&#039;)\">\n\n\t\t\t\n\t\t\t\t\t<\/div>\n\t\t\t\t\t\t\t\t<\/div>\n\t\t\t\t\t\t\t\t\t\t\t<div class=\"swiper-slide\" role=\"group\" aria-roledescription=\"slide\">\n\t\t\t\t\t\t\t\t\t<div class=\"elementor-carousel-image\" role=\"img\" aria-label=\"Logo PDH\" style=\"background-image: url(&#039;https:\/\/kenaja.pl\/wp-content\/uploads\/2025\/10\/PDH-logo@500x-scaled.png&#039;)\">\n\n\t\t\t\n\t\t\t\t\t<\/div>\n\t\t\t\t\t\t\t\t<\/div>\n\t\t\t\t\t\t\t\t\t\t\t<div class=\"swiper-slide\" role=\"group\" aria-roledescription=\"slide\">\n\t\t\t\t\t\t\t\t\t<div class=\"elementor-carousel-image\" role=\"img\" aria-label=\"Logo firmy Toster Point\" style=\"background-image: url(&#039;https:\/\/kenaja.pl\/wp-content\/uploads\/2025\/10\/Toster_logo@500x-scaled.png&#039;)\">\n\n\t\t\t\n\t\t\t\t\t<\/div>\n\t\t\t\t\t\t\t\t<\/div>\n\t\t\t\t\t\t\t\t\t<\/div>\n\t\t\t\t\t\t\t\t\t\t\t\t\t\t\t\t\t\t\t\t<div class=\"swiper-pagination\"><\/div>\n\t\t\t\t\t\t\t\t\t\t\t\t<\/div>\n\t\t\t\t\t\t\t\t<\/div>\n\t\t\t\t\t<\/div>\n\t\t\t\t<\/div>\n\t\t\t\t<\/div>\n\t\t","protected":false},"excerpt":{"rendered":"<p>Kenaja Sp. z o.o. to nowoczesna sp\u00f3\u0142ka, kt\u00f3ra \u0142\u0105czy kreatywno\u015b\u0107, technologi\u0119 i smak. W jej strukturze wsp\u00f3\u0142pracuj\u0105 ze sob\u0105 trzy marki: agencja kreatywna Project Dark Horse, odpowiedzialna za budowanie wizerunku i strategie komunikacji marek, ReMarking, specjalizuj\u0105ca si\u0119 w produkcji gad\u017cet\u00f3w reklamowych, wydrukach oraz wycinaniu laserowym, a tak\u017ce Toster Point \u2013 autorski punkt gastronomiczny, w kt\u00f3rym [&hellip;]<\/p>\n","protected":false},"author":1,"featured_media":0,"parent":0,"menu_order":0,"comment_status":"closed","ping_status":"closed","template":"","meta":{"footnotes":""},"class_list":["post-1026","page","type-page","status-publish","hentry"],"_links":{"self":[{"href":"https:\/\/kenaja.pl\/index.php?rest_route=\/wp\/v2\/pages\/1026","targetHints":{"allow":["GET"]}}],"collection":[{"href":"https:\/\/kenaja.pl\/index.php?rest_route=\/wp\/v2\/pages"}],"about":[{"href":"https:\/\/kenaja.pl\/index.php?rest_route=\/wp\/v2\/types\/page"}],"author":[{"embeddable":true,"href":"https:\/\/kenaja.pl\/index.php?rest_route=\/wp\/v2\/users\/1"}],"replies":[{"embeddable":true,"href":"https:\/\/kenaja.pl\/index.php?rest_route=%2Fwp%2Fv2%2Fcomments&post=1026"}],"version-history":[{"count":13,"href":"https:\/\/kenaja.pl\/index.php?rest_route=\/wp\/v2\/pages\/1026\/revisions"}],"predecessor-version":[{"id":1051,"href":"https:\/\/kenaja.pl\/index.php?rest_route=\/wp\/v2\/pages\/1026\/revisions\/1051"}],"wp:attachment":[{"href":"https:\/\/kenaja.pl\/index.php?rest_route=%2Fwp%2Fv2%2Fmedia&parent=1026"}],"curies":[{"name":"wp","href":"https:\/\/api.w.org\/{rel}","templated":true}]}}